{"id":14,"date":"2025-06-26T09:21:56","date_gmt":"2025-06-26T09:21:56","guid":{"rendered":"https:\/\/premiumesans.com\/?page_id=14"},"modified":"2025-06-26T09:27:08","modified_gmt":"2025-06-26T09:27:08","slug":"premium-esans","status":"publish","type":"page","link":"https:\/\/premiumesans.com\/","title":{"rendered":"Premium Esans"},"content":{"rendered":"\t\t<div data-elementor-type=\"wp-page\" data-elementor-id=\"14\" class=\"elementor elementor-14\">\n\t\t\t\t<div class=\"elementor-element elementor-element-5c22a72 e-flex e-con-boxed e-con e-parent\" data-id=\"5c22a72\" data-element_type=\"container\">\n\t\t\t\t\t<div class=\"e-con-inner\">\n\t\t\t\t<div class=\"elementor-element elementor-element-87859e5 elementor-widget elementor-widget-text-editor\" data-id=\"87859e5\" data-element_type=\"widget\" data-widget_type=\"text-editor.default\">\n\t\t\t\t<div class=\"elementor-widget-container\">\n\t\t\t\t\t\t\t\t\t<p class=\"ng-star-inserted\"><span class=\"ng-star-inserted\">PremiumEsans.com&#8217;a Ho\u015f Geldiniz: Kokular\u0131n B\u00fcy\u00fcl\u00fc D\u00fcnyas\u0131na A\u00e7\u0131lan Kap\u0131n\u0131z!<\/span><\/p><p class=\"ng-star-inserted\"><span class=\"ng-star-inserted\">Parf\u00fcm esanslar\u0131, koku d\u00fcnyas\u0131n\u0131n kalbini olu\u015fturan, her bir damlas\u0131yla duyular\u0131m\u0131z\u0131 harekete ge\u00e7iren gizemli bile\u015fenlerdir. PremiumEsans.com olarak, bu b\u00fcy\u00fcleyici d\u00fcnyan\u0131n kap\u0131lar\u0131n\u0131 sizlere aral\u0131yor, parf\u00fcm esanslar\u0131 hakk\u0131nda merak etti\u011finiz her \u015feyi kapsaml\u0131 ve anla\u015f\u0131l\u0131r bir dille sunuyoruz. Bilginin g\u00fcc\u00fcne inan\u0131yor, koku tutkunuzu derinlemesine ke\u015ffetmeniz i\u00e7in size yol g\u00f6steriyoruz.<\/span><\/p><p class=\"ng-star-inserted\"><span class=\"ng-star-inserted\">Sitemizde, parf\u00fcmlerin ruhunu olu\u015fturan esanslar\u0131n \u00e7e\u015fitlili\u011fini ke\u015ffedeceksiniz.\u00a0<\/span><\/p><p class=\"ng-star-inserted\"><span class=\"ng-star-inserted\">EDP (Eau de Parfum), EDT (Eau de Toilette), EDC (Eau de Cologne) gibi farkl\u0131 esans konsantrasyonlar\u0131n\u0131n ne anlama geldi\u011fini ve kokunun kal\u0131c\u0131l\u0131\u011f\u0131 \u00fczerindeki etkilerini detayl\u0131ca inceliyoruz<\/span><span class=\"ng-star-inserted\">\u00a0Parf\u00fcm notalar\u0131 \u2013 \u00fcst nota, orta nota ve alt nota \u2013 aras\u0131ndaki farklar\u0131 ve bir kokunun zamanla nas\u0131l evrildi\u011fini \u00f6\u011frenerek, koku deneyiminizi zenginle\u015ftireceksiniz<\/span><span class=\"ng-star-inserted\">.<\/span><\/p><p class=\"ng-star-inserted\"><span class=\"ng-star-inserted\">\u00c7i\u00e7eksi, odunsu, baharatl\u0131, meyvemsi veya narenciye gibi pop\u00fcler koku ailelerinin derinliklerine iniyor, amber, misk, vanilya, pa\u00e7uli gibi benzersiz esanslar\u0131n karakterlerini \u00e7\u00f6z\u00fcyoruz<\/span><span class=\"ng-star-inserted\">\u00a0Do\u011fal esanslar ve sentetik esanslar aras\u0131ndaki ayr\u0131m\u0131, her birinin parf\u00fcmeri sanat\u0131ndaki yerini ve \u00f6nemini ayd\u0131nlat\u0131yoruz.<\/span><\/p><p class=\"ng-star-inserted\"><span class=\"ng-star-inserted\">PremiumEsans.com, parf\u00fcm esanslar\u0131 se\u00e7imi, koku notalar\u0131 uyumu ve koku d\u00fcnyas\u0131ndaki g\u00fcncel geli\u015fmeler hakk\u0131nda size rehberlik edecek g\u00fcvenilir bir bilgi kayna\u011f\u0131d\u0131r. Kokular\u0131n kal\u0131c\u0131l\u0131\u011f\u0131 (longevity), etrafa yay\u0131lma mesafesi (silaj) ve akort gibi parf\u00fcm terimlerini a\u00e7\u0131klayarak, bu \u00f6zel d\u00fcnyaya daha hakim olman\u0131z\u0131 sa\u011fl\u0131yoruz<\/span><span class=\"ng-star-inserted\">. Kokular\u0131n b\u00fcy\u00fcl\u00fc yolculu\u011funda bize kat\u0131l\u0131n ve bilginin e\u015fsiz esans\u0131n\u0131 ke\u015ffedin!<\/span><\/p><p class=\"ng-star-inserted\"><span class=\"ng-star-inserted\">\u00d6nerdi\u011fimiz esasnlar\u0131n t\u00fcm\u00fc i\u00e7in <a href=\"https:\/\/emreboslu.com\/esans?o=3&amp;page=1?premiumesans\">t\u0131klay\u0131n\u0131z<\/a> .<\/span><\/p><div class=\"search-sources\"><div class=\"search-sources-title\">\u00a0<\/div><\/div>\t\t\t\t\t\t\t\t<\/div>\n\t\t\t\t<\/div>\n\t\t\t\t\t<\/div>\n\t\t\t\t<\/div>\n\t\t\t\t<\/div>\n\t\t","protected":false},"excerpt":{"rendered":"<p>PremiumEsans.com&#8217;a Ho\u015f Geldiniz: Kokular\u0131n B\u00fcy\u00fcl\u00fc D\u00fcnyas\u0131na A\u00e7\u0131lan Kap\u0131n\u0131z! Parf\u00fcm esanslar\u0131, koku d\u00fcnyas\u0131n\u0131n kalbini olu\u015fturan, her bir damlas\u0131yla duyular\u0131m\u0131z\u0131 harekete ge\u00e7iren gizemli bile\u015fenlerdir. PremiumEsans.com olarak, bu b\u00fcy\u00fcleyici d\u00fcnyan\u0131n kap\u0131lar\u0131n\u0131 sizlere aral\u0131yor, parf\u00fcm esanslar\u0131 hakk\u0131nda merak etti\u011finiz her \u015feyi kapsaml\u0131 ve anla\u015f\u0131l\u0131r bir dille sunuyoruz. Bilginin g\u00fcc\u00fcne inan\u0131yor, koku tutkunuzu derinlemesine ke\u015ffetmeniz i\u00e7in size yol g\u00f6steriyoruz. Sitemizde, [&hellip;]<\/p>\n","protected":false},"author":1,"featured_media":0,"parent":0,"menu_order":0,"comment_status":"closed","ping_status":"closed","template":"","meta":{"footnotes":""},"class_list":["post-14","page","type-page","status-publish","hentry"],"_links":{"self":[{"href":"https:\/\/premiumesans.com\/index.php?rest_route=\/wp\/v2\/pages\/14","targetHints":{"allow":["GET"]}}],"collection":[{"href":"https:\/\/premiumesans.com\/index.php?rest_route=\/wp\/v2\/pages"}],"about":[{"href":"https:\/\/premiumesans.com\/index.php?rest_route=\/wp\/v2\/types\/page"}],"author":[{"embeddable":true,"href":"https:\/\/premiumesans.com\/index.php?rest_route=\/wp\/v2\/users\/1"}],"replies":[{"embeddable":true,"href":"https:\/\/premiumesans.com\/index.php?rest_route=%2Fwp%2Fv2%2Fcomments&post=14"}],"version-history":[{"count":4,"href":"https:\/\/premiumesans.com\/index.php?rest_route=\/wp\/v2\/pages\/14\/revisions"}],"predecessor-version":[{"id":19,"href":"https:\/\/premiumesans.com\/index.php?rest_route=\/wp\/v2\/pages\/14\/revisions\/19"}],"wp:attachment":[{"href":"https:\/\/premiumesans.com\/index.php?rest_route=%2Fwp%2Fv2%2Fmedia&parent=14"}],"curies":[{"name":"wp","href":"https:\/\/api.w.org\/{rel}","templated":true}]}}